{"id":633,"date":"2026-01-12T15:28:12","date_gmt":"2026-01-12T15:28:12","guid":{"rendered":"https:\/\/vkgaleb.com\/?page_id=633"},"modified":"2026-01-20T10:09:41","modified_gmt":"2026-01-20T10:09:41","slug":"donacije","status":"publish","type":"page","link":"https:\/\/vkgaleb.com\/index.php\/donacije\/","title":{"rendered":"Donacije"},"content":{"rendered":"\t\t<div data-elementor-type=\"wp-page\" data-elementor-id=\"633\" class=\"elementor elementor-633\">\n\t\t\t\t<div class=\"elementor-element elementor-element-e5d18c2 e-flex e-con-boxed e-con e-parent\" data-id=\"e5d18c2\" data-element_type=\"container\">\n\t\t\t\t\t<div class=\"e-con-inner\">\n\t\t\t\t<div class=\"elementor-element elementor-element-0e504bd elementor-widget elementor-widget-heading\" data-id=\"0e504bd\" data-element_type=\"widget\" data-widget_type=\"heading.default\">\n\t\t\t\t\t<h3 class=\"elementor-heading-title elementor-size-default\">Podr\u017eite Vesla\u010dki klub Galeb <\/h3>\t\t\t\t<\/div>\n\t\t\t\t<div class=\"elementor-element elementor-element-ccd646d elementor-widget elementor-widget-heading\" data-id=\"ccd646d\" data-element_type=\"widget\" data-widget_type=\"heading.default\">\n\t\t\t\t\t<h3 class=\"elementor-heading-title elementor-size-default\">Za\u0161to donirati?<\/h3>\t\t\t\t<\/div>\n\t\t\t\t<div class=\"elementor-element elementor-element-439cf74 elementor-widget elementor-widget-text-editor\" data-id=\"439cf74\" data-element_type=\"widget\" data-widget_type=\"text-editor.default\">\n\t\t\t\t\t\t\t\t\t<p>Vesla\u010dki klub <strong>Galeb<\/strong> ve\u0107 gotovo 100 godina okuplja decu, mlade i rekreativce i daje im priliku da nau\u010de veslanje u bezbednom, prijateljskom okru\u017eenju. Na\u0161 rad se ne meri samo medaljama \u2013 najve\u0107i uspeh je kada mali vesla\u010di postanu zdravi, samopouzdani ljudi, razviju motori\u010dke sposobnosti i steknu naviku sporta za ceo \u017eivot.<\/p><p>Da bismo nastavili da podsti\u010demo razvoj na\u0161ih \u010dlanova i otvaramo vrata veslanja svima, potrebna nam je podr\u0161ka zajednice. Va\u0161e donacije poma\u017eu da:<\/p><ul><li><strong>Odr\u017eimo opremu i hangar<\/strong> \u2013 \u010damci, vesla i ergometri zahtevaju redovno servisiranje i zamenu;<\/li><\/ul><p>\u00a0<\/p><ul><li><strong>Nabavimo novu opremu<\/strong> \u2013 bez bezbedne i moderne opreme nema kvalitetnog treninga;<\/li><\/ul><p>\u00a0<\/p><ul><li><strong>Organizujemo treninge i takmi\u010denja<\/strong> \u2013 tro\u0161kovi goriva, kotizacija i putovanja predstavljaju veliko optere\u0107enje za klub;<\/li><\/ul><p>\u00a0<\/p><ul><li><strong>Obezbedimo stru\u010dne trenere<\/strong> \u2013 licencirani treneri rade sa decom svih uzrasta i brinu o njihovom pravilnom razvoju.<\/li><\/ul><p>\u00a0<\/p><p>Va\u0161 prilog, bilo da je jednokratan ili redovan, direktno uti\u010de na kvalitet rada i omogu\u0107ava da veslanje ostane dostupno svima, bez obzira na finansijske mogu\u0107nosti porodice.<\/p>\t\t\t\t\t\t\t\t<\/div>\n\t\t<div class=\"elementor-element elementor-element-522a1bc e-grid e-con-full e-con e-child\" data-id=\"522a1bc\" data-element_type=\"container\">\n\t\t\t\t<div class=\"elementor-element elementor-element-b0a4002 elementor-widget elementor-widget-image\" data-id=\"b0a4002\" data-element_type=\"widget\" data-widget_type=\"image.default\">\n\t\t\t\t\t\t\t\t\t\t\t\t\t\t\t<img fetchpriority=\"high\" decoding=\"async\" width=\"800\" height=\"600\" src=\"https:\/\/vkgaleb.com\/wp-content\/uploads\/2026\/01\/IMG_5835.jpg\" class=\"attachment-large size-large wp-image-941\" alt=\"\" srcset=\"https:\/\/vkgaleb.com\/wp-content\/uploads\/2026\/01\/IMG_5835.jpg 960w, https:\/\/vkgaleb.com\/wp-content\/uploads\/2026\/01\/IMG_5835-300x225.jpg 300w, https:\/\/vkgaleb.com\/wp-content\/uploads\/2026\/01\/IMG_5835-768x576.jpg 768w\" sizes=\"(max-width: 800px) 100vw, 800px\" \/>\t\t\t\t\t\t\t\t\t\t\t\t\t\t\t<\/div>\n\t\t\t\t<\/div>\n\t\t\t\t<div class=\"elementor-element elementor-element-16476ad elementor-widget elementor-widget-heading\" data-id=\"16476ad\" data-element_type=\"widget\" data-widget_type=\"heading.default\">\n\t\t\t\t\t<h3 class=\"elementor-heading-title elementor-size-default\">Kako donirati ?<\/h3>\t\t\t\t<\/div>\n\t\t\t\t<div class=\"elementor-element elementor-element-6235a40 elementor-widget elementor-widget-text-editor\" data-id=\"6235a40\" data-element_type=\"widget\" data-widget_type=\"text-editor.default\">\n\t\t\t\t\t\t\t\t\t<p>Donaciju ili \u010dlanarinu mo\u017eete uplatiti na ra\u010dun kluba:<\/p><p>Primalac: V.K. Galeb, Kej oslobo\u0111enja 73, 11080 Zemun<\/p><p>Ra\u010dun: 190-0000000074400-81<\/p><p>Svrha uplate: Donacija<\/p><p>Ukoliko \u017eelite da nas podr\u017eite donacijom opreme, volonterskim radom ili kao sponzor manifestacija, pi\u0161ite nam na kontakt ili nas posetite u klupskim prostorijama.<\/p>\t\t\t\t\t\t\t\t<\/div>\n\t\t\t\t<div class=\"elementor-element elementor-element-c24974d elementor-widget elementor-widget-heading\" data-id=\"c24974d\" data-element_type=\"widget\" data-widget_type=\"heading.default\">\n\t\t\t\t\t<h3 class=\"elementor-heading-title elementor-size-default\">Hvala vam! <\/h3>\t\t\t\t<\/div>\n\t\t\t\t<div class=\"elementor-element elementor-element-51e7bfb elementor-widget elementor-widget-text-editor\" data-id=\"51e7bfb\" data-element_type=\"widget\" data-widget_type=\"text-editor.default\">\n\t\t\t\t\t\t\t\t\t<p>Galeb postoji zahvaljuju\u0107i entuzijazmu vesla\u010da, roditelja, prijatelja i donatora. Svaka uplata \u2013 ma kolika bila \u2013 velika je pomo\u0107. Svi zajedno gradimo zajednicu u kojoj deca rastu kroz sport i koja \u010duva tradiciju veslanja na Dunavu.<\/p><p>Hvala \u0161to verujete u na\u0161 rad.<\/p>\t\t\t\t\t\t\t\t<\/div>\n\t\t\t\t\t<\/div>\n\t\t\t\t<\/div>\n\t\t<div class=\"elementor-element elementor-element-793e12a e-flex e-con-boxed e-con e-parent\" data-id=\"793e12a\" data-element_type=\"container\">\n\t\t\t\t\t<div class=\"e-con-inner\">\n\t\t\t\t<div class=\"elementor-element elementor-element-dc9f38a elementor-widget elementor-widget-image\" data-id=\"dc9f38a\" data-element_type=\"widget\" data-widget_type=\"image.default\">\n\t\t\t\t\t\t\t\t\t\t\t\t\t\t\t<img decoding=\"async\" src=\"https:\/\/vkgaleb.com\/wp-content\/uploads\/elementor\/thumbs\/newpicture-rhxgc4h15tcb9uxu8r40omp2o7qgwbua9m5au683u8.png\" title=\"newpicture\" alt=\"newpicture\" loading=\"lazy\" \/>\t\t\t\t\t\t\t\t\t\t\t\t\t\t\t<\/div>\n\t\t\t\t\t<\/div>\n\t\t\t\t<\/div>\n\t\t\t\t<\/div>\n\t\t","protected":false},"excerpt":{"rendered":"<p>Podr\u017eite Vesla\u010dki klub Galeb Za\u0161to donirati? Vesla\u010dki klub Galeb ve\u0107 gotovo 100 godina okuplja decu, mlade i rekreativce i daje im priliku da nau\u010de veslanje u bezbednom, prijateljskom okru\u017eenju. Na\u0161 rad se ne meri samo medaljama \u2013 najve\u0107i uspeh je kada mali vesla\u010di postanu zdravi, samopouzdani ljudi, razviju motori\u010dke sposobnosti i steknu naviku sporta za [&hellip;]<\/p>\n","protected":false},"author":1,"featured_media":0,"parent":0,"menu_order":0,"comment_status":"closed","ping_status":"closed","template":"","meta":{"footnotes":""},"class_list":["post-633","page","type-page","status-publish","hentry"],"yoast_head":"<!-- This site is optimized with the Yoast SEO plugin v27.3 - https:\/\/yoast.com\/product\/yoast-seo-wordpress\/ -->\n<title>Donacije - VK Galeb<\/title>\n<meta name=\"robots\" content=\"index, follow, max-snippet:-1, max-image-preview:large, max-video-preview:-1\" \/>\n<link rel=\"canonical\" href=\"https:\/\/vkgaleb.com\/index.php\/donacije\/\" \/>\n<meta property=\"og:locale\" content=\"en_US\" \/>\n<meta property=\"og:type\" content=\"article\" \/>\n<meta property=\"og:title\" content=\"Donacije - VK Galeb\" \/>\n<meta property=\"og:description\" content=\"Podr\u017eite Vesla\u010dki klub Galeb Za\u0161to donirati? Vesla\u010dki klub Galeb ve\u0107 gotovo 100 godina okuplja decu, mlade i rekreativce i daje im priliku da nau\u010de veslanje u bezbednom, prijateljskom okru\u017eenju. Na\u0161 rad se ne meri samo medaljama \u2013 najve\u0107i uspeh je kada mali vesla\u010di postanu zdravi, samopouzdani ljudi, razviju motori\u010dke sposobnosti i steknu naviku sporta za [&hellip;]\" \/>\n<meta property=\"og:url\" content=\"https:\/\/vkgaleb.com\/index.php\/donacije\/\" \/>\n<meta property=\"og:site_name\" content=\"VK Galeb\" \/>\n<meta property=\"article:modified_time\" content=\"2026-01-20T10:09:41+00:00\" \/>\n<meta property=\"og:image\" content=\"https:\/\/vkgaleb.com\/wp-content\/uploads\/2026\/01\/IMG_5835.jpg\" \/>\n\t<meta property=\"og:image:width\" content=\"960\" \/>\n\t<meta property=\"og:image:height\" content=\"720\" \/>\n\t<meta property=\"og:image:type\" content=\"image\/jpeg\" \/>\n<meta name=\"twitter:card\" content=\"summary_large_image\" \/>\n<meta name=\"twitter:label1\" content=\"Est. reading time\" \/>\n\t<meta name=\"twitter:data1\" content=\"1 minute\" \/>\n<script type=\"application\/ld+json\" class=\"yoast-schema-graph\">{\"@context\":\"https:\\\/\\\/schema.org\",\"@graph\":[{\"@type\":\"WebPage\",\"@id\":\"https:\\\/\\\/vkgaleb.com\\\/index.php\\\/donacije\\\/\",\"url\":\"https:\\\/\\\/vkgaleb.com\\\/index.php\\\/donacije\\\/\",\"name\":\"Donacije - VK Galeb\",\"isPartOf\":{\"@id\":\"https:\\\/\\\/vkgaleb.com\\\/#website\"},\"primaryImageOfPage\":{\"@id\":\"https:\\\/\\\/vkgaleb.com\\\/index.php\\\/donacije\\\/#primaryimage\"},\"image\":{\"@id\":\"https:\\\/\\\/vkgaleb.com\\\/index.php\\\/donacije\\\/#primaryimage\"},\"thumbnailUrl\":\"https:\\\/\\\/vkgaleb.com\\\/wp-content\\\/uploads\\\/2026\\\/01\\\/IMG_5835.jpg\",\"datePublished\":\"2026-01-12T15:28:12+00:00\",\"dateModified\":\"2026-01-20T10:09:41+00:00\",\"breadcrumb\":{\"@id\":\"https:\\\/\\\/vkgaleb.com\\\/index.php\\\/donacije\\\/#breadcrumb\"},\"inLanguage\":\"en-US\",\"potentialAction\":[{\"@type\":\"ReadAction\",\"target\":[\"https:\\\/\\\/vkgaleb.com\\\/index.php\\\/donacije\\\/\"]}]},{\"@type\":\"ImageObject\",\"inLanguage\":\"en-US\",\"@id\":\"https:\\\/\\\/vkgaleb.com\\\/index.php\\\/donacije\\\/#primaryimage\",\"url\":\"https:\\\/\\\/vkgaleb.com\\\/wp-content\\\/uploads\\\/2026\\\/01\\\/IMG_5835.jpg\",\"contentUrl\":\"https:\\\/\\\/vkgaleb.com\\\/wp-content\\\/uploads\\\/2026\\\/01\\\/IMG_5835.jpg\",\"width\":960,\"height\":720},{\"@type\":\"BreadcrumbList\",\"@id\":\"https:\\\/\\\/vkgaleb.com\\\/index.php\\\/donacije\\\/#breadcrumb\",\"itemListElement\":[{\"@type\":\"ListItem\",\"position\":1,\"name\":\"Home\",\"item\":\"https:\\\/\\\/vkgaleb.com\\\/\"},{\"@type\":\"ListItem\",\"position\":2,\"name\":\"Donacije\"}]},{\"@type\":\"WebSite\",\"@id\":\"https:\\\/\\\/vkgaleb.com\\\/#website\",\"url\":\"https:\\\/\\\/vkgaleb.com\\\/\",\"name\":\"VK Galeb\",\"description\":\"\",\"publisher\":{\"@id\":\"https:\\\/\\\/vkgaleb.com\\\/#organization\"},\"potentialAction\":[{\"@type\":\"SearchAction\",\"target\":{\"@type\":\"EntryPoint\",\"urlTemplate\":\"https:\\\/\\\/vkgaleb.com\\\/?s={search_term_string}\"},\"query-input\":{\"@type\":\"PropertyValueSpecification\",\"valueRequired\":true,\"valueName\":\"search_term_string\"}}],\"inLanguage\":\"en-US\"},{\"@type\":\"Organization\",\"@id\":\"https:\\\/\\\/vkgaleb.com\\\/#organization\",\"name\":\"VK Galeb\",\"url\":\"https:\\\/\\\/vkgaleb.com\\\/\",\"logo\":{\"@type\":\"ImageObject\",\"inLanguage\":\"en-US\",\"@id\":\"https:\\\/\\\/vkgaleb.com\\\/#\\\/schema\\\/logo\\\/image\\\/\",\"url\":\"https:\\\/\\\/vkgaleb.com\\\/wp-content\\\/uploads\\\/2026\\\/01\\\/cropped-galeb_logo-100x100-1.png\",\"contentUrl\":\"https:\\\/\\\/vkgaleb.com\\\/wp-content\\\/uploads\\\/2026\\\/01\\\/cropped-galeb_logo-100x100-1.png\",\"width\":100,\"height\":100,\"caption\":\"VK Galeb\"},\"image\":{\"@id\":\"https:\\\/\\\/vkgaleb.com\\\/#\\\/schema\\\/logo\\\/image\\\/\"}}]}<\/script>\n<!-- \/ Yoast SEO plugin. -->","yoast_head_json":{"title":"Donacije - VK Galeb","robots":{"index":"index","follow":"follow","max-snippet":"max-snippet:-1","max-image-preview":"max-image-preview:large","max-video-preview":"max-video-preview:-1"},"canonical":"https:\/\/vkgaleb.com\/index.php\/donacije\/","og_locale":"en_US","og_type":"article","og_title":"Donacije - VK Galeb","og_description":"Podr\u017eite Vesla\u010dki klub Galeb Za\u0161to donirati? Vesla\u010dki klub Galeb ve\u0107 gotovo 100 godina okuplja decu, mlade i rekreativce i daje im priliku da nau\u010de veslanje u bezbednom, prijateljskom okru\u017eenju. Na\u0161 rad se ne meri samo medaljama \u2013 najve\u0107i uspeh je kada mali vesla\u010di postanu zdravi, samopouzdani ljudi, razviju motori\u010dke sposobnosti i steknu naviku sporta za [&hellip;]","og_url":"https:\/\/vkgaleb.com\/index.php\/donacije\/","og_site_name":"VK Galeb","article_modified_time":"2026-01-20T10:09:41+00:00","og_image":[{"width":960,"height":720,"url":"https:\/\/vkgaleb.com\/wp-content\/uploads\/2026\/01\/IMG_5835.jpg","type":"image\/jpeg"}],"twitter_card":"summary_large_image","twitter_misc":{"Est. reading time":"1 minute"},"schema":{"@context":"https:\/\/schema.org","@graph":[{"@type":"WebPage","@id":"https:\/\/vkgaleb.com\/index.php\/donacije\/","url":"https:\/\/vkgaleb.com\/index.php\/donacije\/","name":"Donacije - VK Galeb","isPartOf":{"@id":"https:\/\/vkgaleb.com\/#website"},"primaryImageOfPage":{"@id":"https:\/\/vkgaleb.com\/index.php\/donacije\/#primaryimage"},"image":{"@id":"https:\/\/vkgaleb.com\/index.php\/donacije\/#primaryimage"},"thumbnailUrl":"https:\/\/vkgaleb.com\/wp-content\/uploads\/2026\/01\/IMG_5835.jpg","datePublished":"2026-01-12T15:28:12+00:00","dateModified":"2026-01-20T10:09:41+00:00","breadcrumb":{"@id":"https:\/\/vkgaleb.com\/index.php\/donacije\/#breadcrumb"},"inLanguage":"en-US","potentialAction":[{"@type":"ReadAction","target":["https:\/\/vkgaleb.com\/index.php\/donacije\/"]}]},{"@type":"ImageObject","inLanguage":"en-US","@id":"https:\/\/vkgaleb.com\/index.php\/donacije\/#primaryimage","url":"https:\/\/vkgaleb.com\/wp-content\/uploads\/2026\/01\/IMG_5835.jpg","contentUrl":"https:\/\/vkgaleb.com\/wp-content\/uploads\/2026\/01\/IMG_5835.jpg","width":960,"height":720},{"@type":"BreadcrumbList","@id":"https:\/\/vkgaleb.com\/index.php\/donacije\/#breadcrumb","itemListElement":[{"@type":"ListItem","position":1,"name":"Home","item":"https:\/\/vkgaleb.com\/"},{"@type":"ListItem","position":2,"name":"Donacije"}]},{"@type":"WebSite","@id":"https:\/\/vkgaleb.com\/#website","url":"https:\/\/vkgaleb.com\/","name":"VK Galeb","description":"","publisher":{"@id":"https:\/\/vkgaleb.com\/#organization"},"potentialAction":[{"@type":"SearchAction","target":{"@type":"EntryPoint","urlTemplate":"https:\/\/vkgaleb.com\/?s={search_term_string}"},"query-input":{"@type":"PropertyValueSpecification","valueRequired":true,"valueName":"search_term_string"}}],"inLanguage":"en-US"},{"@type":"Organization","@id":"https:\/\/vkgaleb.com\/#organization","name":"VK Galeb","url":"https:\/\/vkgaleb.com\/","logo":{"@type":"ImageObject","inLanguage":"en-US","@id":"https:\/\/vkgaleb.com\/#\/schema\/logo\/image\/","url":"https:\/\/vkgaleb.com\/wp-content\/uploads\/2026\/01\/cropped-galeb_logo-100x100-1.png","contentUrl":"https:\/\/vkgaleb.com\/wp-content\/uploads\/2026\/01\/cropped-galeb_logo-100x100-1.png","width":100,"height":100,"caption":"VK Galeb"},"image":{"@id":"https:\/\/vkgaleb.com\/#\/schema\/logo\/image\/"}}]}},"_links":{"self":[{"href":"https:\/\/vkgaleb.com\/index.php\/wp-json\/wp\/v2\/pages\/633","targetHints":{"allow":["GET"]}}],"collection":[{"href":"https:\/\/vkgaleb.com\/index.php\/wp-json\/wp\/v2\/pages"}],"about":[{"href":"https:\/\/vkgaleb.com\/index.php\/wp-json\/wp\/v2\/types\/page"}],"author":[{"embeddable":true,"href":"https:\/\/vkgaleb.com\/index.php\/wp-json\/wp\/v2\/users\/1"}],"replies":[{"embeddable":true,"href":"https:\/\/vkgaleb.com\/index.php\/wp-json\/wp\/v2\/comments?post=633"}],"version-history":[{"count":34,"href":"https:\/\/vkgaleb.com\/index.php\/wp-json\/wp\/v2\/pages\/633\/revisions"}],"predecessor-version":[{"id":967,"href":"https:\/\/vkgaleb.com\/index.php\/wp-json\/wp\/v2\/pages\/633\/revisions\/967"}],"wp:attachment":[{"href":"https:\/\/vkgaleb.com\/index.php\/wp-json\/wp\/v2\/media?parent=633"}],"curies":[{"name":"wp","href":"https:\/\/api.w.org\/{rel}","templated":true}]}}