{"id":109,"date":"2025-12-24T14:55:45","date_gmt":"2025-12-24T14:55:45","guid":{"rendered":"http:\/\/vkgaleb.com\/?page_id=109"},"modified":"2026-01-20T10:02:15","modified_gmt":"2026-01-20T10:02:15","slug":"o-nama","status":"publish","type":"page","link":"https:\/\/vkgaleb.com\/index.php\/o-nama\/","title":{"rendered":"About Us"},"content":{"rendered":"\t\t<div data-elementor-type=\"wp-page\" data-elementor-id=\"109\" class=\"elementor elementor-109\">\n\t\t\t\t<div class=\"elementor-element elementor-element-ac75c29 e-flex e-con-boxed e-con e-parent\" data-id=\"ac75c29\" data-element_type=\"container\">\n\t\t\t\t\t<div class=\"e-con-inner\">\n\t\t\t\t<div class=\"elementor-element elementor-element-db5fd69 elementor-widget elementor-widget-spacer\" data-id=\"db5fd69\" data-element_type=\"widget\" data-widget_type=\"spacer.default\">\n\t\t\t\t\t\t\t<div class=\"elementor-spacer\">\n\t\t\t<div class=\"elementor-spacer-inner\"><\/div>\n\t\t<\/div>\n\t\t\t\t\t\t<\/div>\n\t\t\t\t<div class=\"elementor-element elementor-element-abe669a elementor-widget elementor-widget-text-editor\" data-id=\"abe669a\" data-element_type=\"widget\" data-widget_type=\"text-editor.default\">\n\t\t\t\t\t\t\t\t\t<p><strong>Vesla\u010dki klub Galeb<\/strong> ponosno nosi skoro vekovnu tradiciju u veslanju. Jo\u0161 od osnivanja davne 1928. godine, Galeb je izrastao u simbol sportskog duha, timskog rada i neprekidne posve\u0107enosti. Kroz generacije, na\u0161 klub je okupljao zaljubljenike u veslanje \u2013 od po\u010detnika do \u0161ampiona \u2013 grade\u0107i karakter, disciplinu i vrhunske rezultate. Danas sa ponosom gledamo na bogatu pro\u0161lost i sa entuzijazmom kora\u010damo u budu\u0107nost, inspiri\u0161u\u0107i nove nara\u0161taje vesla\u010da da nastave ovu izuzetnu pri\u010du.<\/p>\t\t\t\t\t\t\t\t<\/div>\n\t\t\t\t<div class=\"elementor-element elementor-element-6ed9668 elementor-widget elementor-widget-image\" data-id=\"6ed9668\" data-element_type=\"widget\" data-widget_type=\"image.default\">\n\t\t\t\t\t\t\t\t\t\t\t\t\t\t\t<img fetchpriority=\"high\" decoding=\"async\" width=\"745\" height=\"500\" src=\"https:\/\/vkgaleb.com\/wp-content\/uploads\/2026\/01\/slika_52366575.jpg\" class=\"attachment-large size-large wp-image-925\" alt=\"\" srcset=\"https:\/\/vkgaleb.com\/wp-content\/uploads\/2026\/01\/slika_52366575.jpg 745w, https:\/\/vkgaleb.com\/wp-content\/uploads\/2026\/01\/slika_52366575-300x201.jpg 300w\" sizes=\"(max-width: 745px) 100vw, 745px\" \/>\t\t\t\t\t\t\t\t\t\t\t\t\t\t\t<\/div>\n\t\t\t\t<div class=\"elementor-element elementor-element-de48b15 elementor-widget elementor-widget-heading\" data-id=\"de48b15\" data-element_type=\"widget\" data-widget_type=\"heading.default\">\n\t\t\t\t\t<h3 class=\"elementor-heading-title elementor-size-default\">Osnivanje i rani razvoj (1928\u20131941) <\/h3>\t\t\t\t<\/div>\n\t\t\t\t<div class=\"elementor-element elementor-element-aa86e50 elementor-widget elementor-widget-text-editor\" data-id=\"aa86e50\" data-element_type=\"widget\" data-widget_type=\"text-editor.default\">\n\t\t\t\t\t\t\t\t\t<p>Vesla\u010dki klub Galeb osnovan je aprila 1928. \u0433\u043e\u0434\u0438\u043d\u0435 u Zemunu, zahvaljuju\u0107i grupi entuzijasta i ljubitelja Dunava. Od prvog dana, Galeb je privukao pa\u017enju lokalne zajednice i ubrzo postao sinonim za vesla\u010dki sport u gradu. Prvi \u010dlanovi \u2013 me\u0111u kojima je bilo studenata, \u0111aka, ali i uglednih gra\u0111ana \u2013 sagradili su sopstveni drveni hangar za \u010damce i obezbedili prvi klupski \u010damac. Ve\u0107 <strong>1930. godine<\/strong> Galeb bele\u017ei i svoj prvi zna\u010dajniji sportski uspeh, pobedom \u010detverca sa kormilarom na dugoj regati na Savi, \u0161to je najavilo dolazak novog takmi\u010darskog duha. Do sredine tridesetih klub je rastao \u2013 <strong>1935. godine<\/strong> izgra\u0111en je novi klupski dom na obali Dunava, a Galeb je tada imao preko 40 aktivnih \u010dlanova, uklju\u010duju\u0107i i \u017eensku sekciju i podmladak, \u0161to je za to doba bilo izuzetno. Zemun je disao uz Galeb: klupske vesla\u010dke zabave i dru\u017eenja okupljale su gradski krem, stvaraju\u0107i sna\u017enu podr\u0161ku za klub. Do <strong>1941. godine<\/strong> Galeb je narastao na preko 100 \u010dlanova i izgradio zavidnu flotu \u010damaca. Na\u017ealost, izbijanje Drugog svetskog rata u prole\u0107e 1941. privremeno je prekinulo rad kluba upravo u trenutku kada je Galeb bio u punom zamahu.<\/p>\t\t\t\t\t\t\t\t<\/div>\n\t\t\t\t<div class=\"elementor-element elementor-element-7ec2591 elementor-widget elementor-widget-heading\" data-id=\"7ec2591\" data-element_type=\"widget\" data-widget_type=\"heading.default\">\n\t\t\t\t\t<h3 class=\"elementor-heading-title elementor-size-default\">Obnova i uspon nakon Drugog svetskog rata <\/h3>\t\t\t\t<\/div>\n\t\t\t\t<div class=\"elementor-element elementor-element-7a89fa6 elementor-widget elementor-widget-text-editor\" data-id=\"7a89fa6\" data-element_type=\"widget\" data-widget_type=\"text-editor.default\">\n\t\t\t\t\t\t\t\t\t<p>Posle ratnih razaranja i nekoliko te\u0161kih godina stagnacije, Galeb se uzdi\u017ee poput feniksa. Ve\u0107 <strong>1945. godine<\/strong>, \u010dim su se smirile ratne oluje, nekolicina predratnih \u010dlanova i novih zaljubljenika u veslanje okupila se kako bi obnovila klub. Uz ograni\u010dena sredstva ali neiscrpnu volju, obnovljen je klupski dom i sakupljena oprema za trening. U posleratnom periodu Galeb ponovo postaje mesto okupljanja mladih sportista u Zemunu \u2013 uskoro se \u010duju ritmi\u010dni udarci vesala na vodi kao znak da se stara tradicija vratila. Pedesete godine donose novi polet: klub se takmi\u010di na doma\u0107im regatama, sti\u010de nova priznanja i u\u010dvr\u0161\u0107uje svoj ugled. Generacija za generacijom, vesla\u010di Galeba nastavili su da ni\u017eu uspehe na republi\u010dkim i saveznim takmi\u010denjima, dok klub izgra\u0111uje renome vrednim radom i entuzijazmom.<\/p>\t\t\t\t\t\t\t\t<\/div>\n\t\t\t\t<div class=\"elementor-element elementor-element-f22edfb elementor-widget elementor-widget-image\" data-id=\"f22edfb\" data-element_type=\"widget\" data-widget_type=\"image.default\">\n\t\t\t\t\t\t\t\t\t\t\t\t\t\t\t<img decoding=\"async\" width=\"800\" height=\"600\" src=\"https:\/\/vkgaleb.com\/wp-content\/uploads\/2026\/01\/IMG_5839.jpg\" class=\"attachment-large size-large wp-image-930\" alt=\"\" srcset=\"https:\/\/vkgaleb.com\/wp-content\/uploads\/2026\/01\/IMG_5839.jpg 960w, https:\/\/vkgaleb.com\/wp-content\/uploads\/2026\/01\/IMG_5839-300x225.jpg 300w, https:\/\/vkgaleb.com\/wp-content\/uploads\/2026\/01\/IMG_5839-768x576.jpg 768w\" sizes=\"(max-width: 800px) 100vw, 800px\" \/>\t\t\t\t\t\t\t\t\t\t\t\t\t\t\t<\/div>\n\t\t\t\t<div class=\"elementor-element elementor-element-f1b5534 elementor-widget elementor-widget-heading\" data-id=\"f1b5534\" data-element_type=\"widget\" data-widget_type=\"heading.default\">\n\t\t\t\t\t<h3 class=\"elementor-heading-title elementor-size-default\">Tradicija kroz decenije (1950\u20132000) <\/h3>\t\t\t\t<\/div>\n\t\t\t\t<div class=\"elementor-element elementor-element-50dec5e elementor-widget elementor-widget-text-editor\" data-id=\"50dec5e\" data-element_type=\"widget\" data-widget_type=\"text-editor.default\">\n\t\t\t\t\t\t\t\t\t<p>Kroz drugu polovinu 20. veka, Galeb je ostao \u010duvar tradicije veslanja u na\u0161em kraju. Bez obzira na sve dru\u0161tvene i sportske promene tih decenija, klub je kontinuirano radio sa decom i omladinom, prenose\u0107i znanje iskusnijih \u0161ampiona na nove nara\u0161taje. Ve\u0107 u <strong>1960-im i 1970-im<\/strong> Galebovi vesla\u010di osvajali su odli\u010dja na doma\u0107im prvenstvima, a klub je postao rasadnik talenata koji su stasavali u vrhunske sportiste. <strong>1980-e i 1990-e<\/strong> donele su nove izazove, ali i dalje se na obali Dunava \u010duo zaveslaj Galebovih \u010damaca svakoga jutra. Uprkos te\u0161kim vremenima, na\u0161i treneri i uprava od\u0440\u017eali su kontinuitet rada, \u010duvaju\u0107i klupski duh i obnavljaju\u0107i infrastrukturu kad god je bilo potrebno. Tokom tih decenija, stotine mladih pro\u0161lo je kroz \u0161kolu veslanja Galeba \u2013 mnogi od njih danas su ostvareni ljudi koji se rado se\u0107aju svojih prvih regata pod klupskim bojama. Do kra\u0458\u0430 20. veka, Vesla\u010dki klub Galeb se ve\u0107 ponosio statusom jednog od najstarijih i najuglednijih vesla\u010dkih klubova u zemlji, dokazuju\u0107i da istinska strast prema sportu mo\u017ee da pre\u017eivi sve izazove vremena.<\/p>\t\t\t\t\t\t\t\t<\/div>\n\t\t\t\t<div class=\"elementor-element elementor-element-50b3099 elementor-widget elementor-widget-heading\" data-id=\"50b3099\" data-element_type=\"widget\" data-widget_type=\"heading.default\">\n\t\t\t\t\t<h3 class=\"elementor-heading-title elementor-size-default\">Savremeno doba: preporod kluba i me\u0111unarodni uspesi <\/h3>\t\t\t\t<\/div>\n\t\t\t\t<div class=\"elementor-element elementor-element-622d970 elementor-widget elementor-widget-text-editor\" data-id=\"622d970\" data-element_type=\"widget\" data-widget_type=\"text-editor.default\">\n\t\t\t\t\t\t\t\t\t<p>Ulaskom u 21. vek, Galeb do\u017eivljava pravi preporod. Podmla\u0111ena uprava i posve\u0107eni treneri unose novu energiju \u2013 modernizuju se treninzi, priliv novih \u010dlanova raste i postavljaju se ambiciozni ciljevi. Rezultati ov\u043e\u0433 preporoda brzo su postali vidljivi, kako na doma\u0107oj, tako i na me\u0111unarodnoj sceni. <strong>2014. godina<\/strong> upisala se zlatnim slovima u noviju istoriju Galeba: juniorska posada na\u0161eg kluba zablistala je na Evropskom prvenstvu za juniore. \u010cetvorica mladi\u0107a \u2013 <strong>Pavle Stankovi\u0107, Kristijan Stevanovi\u0107, Petar Zeli\u0107 i Filip Prodanovi\u0107<\/strong> \u2013 poniklih u Galebu, rame uz rame su predstavljali Srbiju me\u0111u najboljim evropskim posadama i pokazali da se predanim radom u na\u0161em klubu mogu dosti\u0107i vrhunski dometi. Iste te godine, dvojica od njih, <strong>Kristijan Stevanovi\u0107 i Filip Prodanovi\u0107<\/strong>, udru\u017eeni sa dva vesla\u010da iz novosadskog Danubiusa, izborili su plasman na Svetskom prvenstvu za juniore. Njihov nastup na svetskoj sceni potvr\u0111uje da Galeb ne samo da neguje masovnost, ve\u0107 i stvara takmi\u010dare sposobne da se nose sa globalnom konkurencijom.<\/p><p>Uspeh se nastavio i narednih godina. <strong>Marko Prodanovi\u0107 i Todor Stankovi\u0107<\/strong>, sjajni duo poniklih Galebovih juniora, ostvarili su istorijski rezultat za klub u disciplini dvojac bez kormilara. Na evropskoj juniorskoj sceni ovaj dvojac se plasirao na <strong>8. mesto<\/strong>, a na Svetskom prvenstvu zauzeo je izvanredno <strong>10. mesto<\/strong>, svrstavaju\u0107i se me\u0111u najbolje juniorski dvojce na planeti. \u041evaj podvig doneo je Galebu me\u0111unarodni ugled i pokazao da se u na\u0161em klubu stvaraju vesla\u010di svetskog kalibra. Marko Prodanovi\u0107 je, po zavr\u0161etku svoje takmi\u010darske karijere, ostao veran Galebu \u2013 danas svoje znanje i strast prenosi mla\u0111ima kao trener i ujedno je aktivan kao \u010dlan uprave kluba. Time se krug uspeha zatvara i zapo\u010dinje novi: biv\u0161i \u0161ampioni postaju mentori, obezbe\u0111uju\u0107i da duh Galeba \u017eivi i raste.<\/p><p>Danas Galeb sa ponosom isti\u010de svog najboljeg seniora \u2013 <strong>Andriju Simeunovi\u0107a<\/strong>. Andrija je trenutno perjanica kluba i reprezentativac Srbije, koji nastupa u savremenoj disciplini <em>rowing beach sprint<\/em> (obalno veslanje \u2013 sprint na pla\u017ei). Njegovi nastupi za nacionalni tim, uklju\u010duju\u0107i plasman me\u0111u osam najboljih na evropskom klupskom prvenstvu u coastal veslanju, dokaz su da Galeb i u 21. veku ima \u0161ampione koji mogu da stanu uz rame evropskoj eliti. Andrija svojim radom i rezultatima inspiri\u0161e mlade vesla\u010de u klubu, pokazuju\u0107i im da su snovi dosti\u017eni. \u0421 jasnom vizijom budu\u0107nosti, ceo klub usmerio je pogled ka najve\u0107oj sportskoj smotri: na\u0161 cilj je da Galebov vesla\u010d nastupi na <strong>Olimpijskim igrama 2028. godine<\/strong> upravo u disciplini <em>rowing beach sprint<\/em>. Taj san vi\u0161e nije dalek \u2013 on je motivacija koja pokre\u0107e svakodnevne treninge, planove i ambicije celog kluba.<\/p><p>Galebova pri\u010da je pri\u010da o istrajnosti, zajedni\u0161tvu i neprekidnom stremljenju ka vrhu. Od malog kluba na obali Dunava do internacionalnih podijuma, na\u0161 put gotovo \u010ditav vek krase ponos, sportski duh i posve\u0107enost. Sa takvim nasle\u0111em iza sebe i jasnim ciljevima ispred sebe, Vesla\u010dki klub Galeb nastavlja da pi\u0161e nove stranice istorije, u\u010de\u0107i decu vrednostima sporta i vode\u0107i \u0161ampione ka novim pobedama.<\/p>\t\t\t\t\t\t\t\t<\/div>\n\t\t\t\t<div class=\"elementor-element elementor-element-ae4f983 elementor-widget elementor-widget-heading\" data-id=\"ae4f983\" data-element_type=\"widget\" data-widget_type=\"heading.default\">\n\t\t\t\t\t<h5 class=\"elementor-heading-title elementor-size-default\"><a href=\"https:\/\/vkgaleb.com\/wp-content\/uploads\/2026\/01\/ISTORIJA-VK-GALEB.pdf\">Kompletnu istoriju kluba mo\u017eete pogledati ovde. <\/a><\/h5>\t\t\t\t<\/div>\n\t\t\t\t<div class=\"elementor-element elementor-element-4baedfd elementor-widget elementor-widget-spacer\" data-id=\"4baedfd\" data-element_type=\"widget\" data-widget_type=\"spacer.default\">\n\t\t\t\t\t\t\t<div class=\"elementor-spacer\">\n\t\t\t<div class=\"elementor-spacer-inner\"><\/div>\n\t\t<\/div>\n\t\t\t\t\t\t<\/div>\n\t\t\t\t\t<\/div>\n\t\t\t\t<\/div>\n\t\t<div class=\"elementor-element elementor-element-a59a529 e-flex e-con-boxed e-con e-parent\" data-id=\"a59a529\" data-element_type=\"container\">\n\t\t\t\t\t<div class=\"e-con-inner\">\n\t\t<div class=\"elementor-element elementor-element-cbe4c4e e-con-full e-flex e-con e-child\" data-id=\"cbe4c4e\" data-element_type=\"container\">\n\t\t\t\t<div class=\"elementor-element elementor-element-4a22d43 elementor-widget elementor-widget-image\" data-id=\"4a22d43\" data-element_type=\"widget\" data-widget_type=\"image.default\">\n\t\t\t\t\t\t\t\t\t\t\t\t\t\t\t<img decoding=\"async\" width=\"800\" height=\"531\" src=\"https:\/\/vkgaleb.com\/wp-content\/uploads\/2026\/01\/slika_27214634-1024x680.jpg\" class=\"attachment-large size-large wp-image-931\" alt=\"\" srcset=\"https:\/\/vkgaleb.com\/wp-content\/uploads\/2026\/01\/slika_27214634-1024x680.jpg 1024w, https:\/\/vkgaleb.com\/wp-content\/uploads\/2026\/01\/slika_27214634-300x199.jpg 300w, https:\/\/vkgaleb.com\/wp-content\/uploads\/2026\/01\/slika_27214634-768x510.jpg 768w, https:\/\/vkgaleb.com\/wp-content\/uploads\/2026\/01\/slika_27214634.jpg 1100w\" sizes=\"(max-width: 800px) 100vw, 800px\" \/>\t\t\t\t\t\t\t\t\t\t\t\t\t\t\t<\/div>\n\t\t\t\t<\/div>\n\t\t<div class=\"elementor-element elementor-element-6845e67 e-con-full e-flex e-con e-child\" data-id=\"6845e67\" data-element_type=\"container\">\n\t\t\t\t<div class=\"elementor-element elementor-element-2b283d1 elementor-widget elementor-widget-image\" data-id=\"2b283d1\" data-element_type=\"widget\" data-widget_type=\"image.default\">\n\t\t\t\t\t\t\t\t\t\t\t\t\t\t\t<img loading=\"lazy\" decoding=\"async\" width=\"800\" height=\"532\" src=\"https:\/\/vkgaleb.com\/wp-content\/uploads\/2026\/01\/IMG_5836.jpg\" class=\"attachment-large size-large wp-image-932\" alt=\"\" srcset=\"https:\/\/vkgaleb.com\/wp-content\/uploads\/2026\/01\/IMG_5836.jpg 800w, https:\/\/vkgaleb.com\/wp-content\/uploads\/2026\/01\/IMG_5836-300x200.jpg 300w, https:\/\/vkgaleb.com\/wp-content\/uploads\/2026\/01\/IMG_5836-768x511.jpg 768w\" sizes=\"(max-width: 800px) 100vw, 800px\" \/>\t\t\t\t\t\t\t\t\t\t\t\t\t\t\t<\/div>\n\t\t\t\t<\/div>\n\t\t\t\t\t<\/div>\n\t\t\t\t<\/div>\n\t\t<div class=\"elementor-element elementor-element-8e07a03 e-flex e-con-boxed e-con e-parent\" data-id=\"8e07a03\" data-element_type=\"container\">\n\t\t\t\t\t<div class=\"e-con-inner\">\n\t\t\t\t<div class=\"elementor-element elementor-element-dedf782 elementor-widget elementor-widget-image\" data-id=\"dedf782\" data-element_type=\"widget\" data-widget_type=\"image.default\">\n\t\t\t\t\t\t\t\t\t\t\t\t\t\t\t<img loading=\"lazy\" decoding=\"async\" width=\"800\" height=\"380\" src=\"https:\/\/vkgaleb.com\/wp-content\/uploads\/2026\/01\/0-02-05-0718d8a557a6f1b63e6ccbcfdbee5f68b1bb90d512cb96d35ea3fa1e8edc7458_ddcc033aa9d11151-1024x486.jpg\" class=\"attachment-large size-large wp-image-852\" alt=\"\" srcset=\"https:\/\/vkgaleb.com\/wp-content\/uploads\/2026\/01\/0-02-05-0718d8a557a6f1b63e6ccbcfdbee5f68b1bb90d512cb96d35ea3fa1e8edc7458_ddcc033aa9d11151-1024x486.jpg 1024w, https:\/\/vkgaleb.com\/wp-content\/uploads\/2026\/01\/0-02-05-0718d8a557a6f1b63e6ccbcfdbee5f68b1bb90d512cb96d35ea3fa1e8edc7458_ddcc033aa9d11151-300x143.jpg 300w, https:\/\/vkgaleb.com\/wp-content\/uploads\/2026\/01\/0-02-05-0718d8a557a6f1b63e6ccbcfdbee5f68b1bb90d512cb96d35ea3fa1e8edc7458_ddcc033aa9d11151-768x365.jpg 768w, https:\/\/vkgaleb.com\/wp-content\/uploads\/2026\/01\/0-02-05-0718d8a557a6f1b63e6ccbcfdbee5f68b1bb90d512cb96d35ea3fa1e8edc7458_ddcc033aa9d11151-1536x730.jpg 1536w, https:\/\/vkgaleb.com\/wp-content\/uploads\/2026\/01\/0-02-05-0718d8a557a6f1b63e6ccbcfdbee5f68b1bb90d512cb96d35ea3fa1e8edc7458_ddcc033aa9d11151.jpg 1600w\" sizes=\"(max-width: 800px) 100vw, 800px\" \/>\t\t\t\t\t\t\t\t\t\t\t\t\t\t\t<\/div>\n\t\t\t\t\t<\/div>\n\t\t\t\t<\/div>\n\t\t\t\t<\/div>\n\t\t","protected":false},"excerpt":{"rendered":"<p>Vesla\u010dki klub Galeb ponosno nosi skoro vekovnu tradiciju u veslanju. Jo\u0161 od osnivanja davne 1928. godine, Galeb je izrastao u simbol sportskog duha, timskog rada i neprekidne posve\u0107enosti. Kroz generacije, na\u0161 klub je okupljao zaljubljenike u veslanje \u2013 od po\u010detnika do \u0161ampiona \u2013 grade\u0107i karakter, disciplinu i vrhunske rezultate. Danas sa ponosom gledamo na bogatu [&hellip;]<\/p>\n","protected":false},"author":1,"featured_media":0,"parent":0,"menu_order":0,"comment_status":"closed","ping_status":"closed","template":"elementor_header_footer","meta":{"footnotes":""},"class_list":["post-109","page","type-page","status-publish","hentry"],"yoast_head":"<!-- This site is optimized with the Yoast SEO plugin v27.3 - https:\/\/yoast.com\/product\/yoast-seo-wordpress\/ -->\n<title>About Us - VK Galeb<\/title>\n<meta name=\"robots\" content=\"index, follow, max-snippet:-1, max-image-preview:large, max-video-preview:-1\" \/>\n<link rel=\"canonical\" href=\"https:\/\/vkgaleb.com\/index.php\/o-nama\/\" \/>\n<meta property=\"og:locale\" content=\"en_US\" \/>\n<meta property=\"og:type\" content=\"article\" \/>\n<meta property=\"og:title\" content=\"About Us - VK Galeb\" \/>\n<meta property=\"og:description\" content=\"Vesla\u010dki klub Galeb ponosno nosi skoro vekovnu tradiciju u veslanju. Jo\u0161 od osnivanja davne 1928. godine, Galeb je izrastao u simbol sportskog duha, timskog rada i neprekidne posve\u0107enosti. Kroz generacije, na\u0161 klub je okupljao zaljubljenike u veslanje \u2013 od po\u010detnika do \u0161ampiona \u2013 grade\u0107i karakter, disciplinu i vrhunske rezultate. Danas sa ponosom gledamo na bogatu [&hellip;]\" \/>\n<meta property=\"og:url\" content=\"https:\/\/vkgaleb.com\/index.php\/o-nama\/\" \/>\n<meta property=\"og:site_name\" content=\"VK Galeb\" \/>\n<meta property=\"article:modified_time\" content=\"2026-01-20T10:02:15+00:00\" \/>\n<meta property=\"og:image\" content=\"https:\/\/vkgaleb.com\/wp-content\/uploads\/2026\/01\/slika_52366575.jpg\" \/>\n\t<meta property=\"og:image:width\" content=\"745\" \/>\n\t<meta property=\"og:image:height\" content=\"500\" \/>\n\t<meta property=\"og:image:type\" content=\"image\/jpeg\" \/>\n<meta name=\"twitter:card\" content=\"summary_large_image\" \/>\n<meta name=\"twitter:label1\" content=\"Est. reading time\" \/>\n\t<meta name=\"twitter:data1\" content=\"6 minutes\" \/>\n<script type=\"application\/ld+json\" class=\"yoast-schema-graph\">{\"@context\":\"https:\\\/\\\/schema.org\",\"@graph\":[{\"@type\":\"WebPage\",\"@id\":\"https:\\\/\\\/vkgaleb.com\\\/index.php\\\/o-nama\\\/\",\"url\":\"https:\\\/\\\/vkgaleb.com\\\/index.php\\\/o-nama\\\/\",\"name\":\"About Us - VK Galeb\",\"isPartOf\":{\"@id\":\"https:\\\/\\\/vkgaleb.com\\\/#website\"},\"primaryImageOfPage\":{\"@id\":\"https:\\\/\\\/vkgaleb.com\\\/index.php\\\/o-nama\\\/#primaryimage\"},\"image\":{\"@id\":\"https:\\\/\\\/vkgaleb.com\\\/index.php\\\/o-nama\\\/#primaryimage\"},\"thumbnailUrl\":\"https:\\\/\\\/vkgaleb.com\\\/wp-content\\\/uploads\\\/2026\\\/01\\\/slika_52366575.jpg\",\"datePublished\":\"2025-12-24T14:55:45+00:00\",\"dateModified\":\"2026-01-20T10:02:15+00:00\",\"breadcrumb\":{\"@id\":\"https:\\\/\\\/vkgaleb.com\\\/index.php\\\/o-nama\\\/#breadcrumb\"},\"inLanguage\":\"en-US\",\"potentialAction\":[{\"@type\":\"ReadAction\",\"target\":[\"https:\\\/\\\/vkgaleb.com\\\/index.php\\\/o-nama\\\/\"]}]},{\"@type\":\"ImageObject\",\"inLanguage\":\"en-US\",\"@id\":\"https:\\\/\\\/vkgaleb.com\\\/index.php\\\/o-nama\\\/#primaryimage\",\"url\":\"https:\\\/\\\/vkgaleb.com\\\/wp-content\\\/uploads\\\/2026\\\/01\\\/slika_52366575.jpg\",\"contentUrl\":\"https:\\\/\\\/vkgaleb.com\\\/wp-content\\\/uploads\\\/2026\\\/01\\\/slika_52366575.jpg\",\"width\":745,\"height\":500},{\"@type\":\"BreadcrumbList\",\"@id\":\"https:\\\/\\\/vkgaleb.com\\\/index.php\\\/o-nama\\\/#breadcrumb\",\"itemListElement\":[{\"@type\":\"ListItem\",\"position\":1,\"name\":\"Home\",\"item\":\"https:\\\/\\\/vkgaleb.com\\\/\"},{\"@type\":\"ListItem\",\"position\":2,\"name\":\"About Us\"}]},{\"@type\":\"WebSite\",\"@id\":\"https:\\\/\\\/vkgaleb.com\\\/#website\",\"url\":\"https:\\\/\\\/vkgaleb.com\\\/\",\"name\":\"VK Galeb\",\"description\":\"\",\"publisher\":{\"@id\":\"https:\\\/\\\/vkgaleb.com\\\/#organization\"},\"potentialAction\":[{\"@type\":\"SearchAction\",\"target\":{\"@type\":\"EntryPoint\",\"urlTemplate\":\"https:\\\/\\\/vkgaleb.com\\\/?s={search_term_string}\"},\"query-input\":{\"@type\":\"PropertyValueSpecification\",\"valueRequired\":true,\"valueName\":\"search_term_string\"}}],\"inLanguage\":\"en-US\"},{\"@type\":\"Organization\",\"@id\":\"https:\\\/\\\/vkgaleb.com\\\/#organization\",\"name\":\"VK Galeb\",\"url\":\"https:\\\/\\\/vkgaleb.com\\\/\",\"logo\":{\"@type\":\"ImageObject\",\"inLanguage\":\"en-US\",\"@id\":\"https:\\\/\\\/vkgaleb.com\\\/#\\\/schema\\\/logo\\\/image\\\/\",\"url\":\"https:\\\/\\\/vkgaleb.com\\\/wp-content\\\/uploads\\\/2026\\\/01\\\/cropped-galeb_logo-100x100-1.png\",\"contentUrl\":\"https:\\\/\\\/vkgaleb.com\\\/wp-content\\\/uploads\\\/2026\\\/01\\\/cropped-galeb_logo-100x100-1.png\",\"width\":100,\"height\":100,\"caption\":\"VK Galeb\"},\"image\":{\"@id\":\"https:\\\/\\\/vkgaleb.com\\\/#\\\/schema\\\/logo\\\/image\\\/\"}}]}<\/script>\n<!-- \/ Yoast SEO plugin. -->","yoast_head_json":{"title":"About Us - VK Galeb","robots":{"index":"index","follow":"follow","max-snippet":"max-snippet:-1","max-image-preview":"max-image-preview:large","max-video-preview":"max-video-preview:-1"},"canonical":"https:\/\/vkgaleb.com\/index.php\/o-nama\/","og_locale":"en_US","og_type":"article","og_title":"About Us - VK Galeb","og_description":"Vesla\u010dki klub Galeb ponosno nosi skoro vekovnu tradiciju u veslanju. Jo\u0161 od osnivanja davne 1928. godine, Galeb je izrastao u simbol sportskog duha, timskog rada i neprekidne posve\u0107enosti. Kroz generacije, na\u0161 klub je okupljao zaljubljenike u veslanje \u2013 od po\u010detnika do \u0161ampiona \u2013 grade\u0107i karakter, disciplinu i vrhunske rezultate. Danas sa ponosom gledamo na bogatu [&hellip;]","og_url":"https:\/\/vkgaleb.com\/index.php\/o-nama\/","og_site_name":"VK Galeb","article_modified_time":"2026-01-20T10:02:15+00:00","og_image":[{"width":745,"height":500,"url":"https:\/\/vkgaleb.com\/wp-content\/uploads\/2026\/01\/slika_52366575.jpg","type":"image\/jpeg"}],"twitter_card":"summary_large_image","twitter_misc":{"Est. reading time":"6 minutes"},"schema":{"@context":"https:\/\/schema.org","@graph":[{"@type":"WebPage","@id":"https:\/\/vkgaleb.com\/index.php\/o-nama\/","url":"https:\/\/vkgaleb.com\/index.php\/o-nama\/","name":"About Us - VK Galeb","isPartOf":{"@id":"https:\/\/vkgaleb.com\/#website"},"primaryImageOfPage":{"@id":"https:\/\/vkgaleb.com\/index.php\/o-nama\/#primaryimage"},"image":{"@id":"https:\/\/vkgaleb.com\/index.php\/o-nama\/#primaryimage"},"thumbnailUrl":"https:\/\/vkgaleb.com\/wp-content\/uploads\/2026\/01\/slika_52366575.jpg","datePublished":"2025-12-24T14:55:45+00:00","dateModified":"2026-01-20T10:02:15+00:00","breadcrumb":{"@id":"https:\/\/vkgaleb.com\/index.php\/o-nama\/#breadcrumb"},"inLanguage":"en-US","potentialAction":[{"@type":"ReadAction","target":["https:\/\/vkgaleb.com\/index.php\/o-nama\/"]}]},{"@type":"ImageObject","inLanguage":"en-US","@id":"https:\/\/vkgaleb.com\/index.php\/o-nama\/#primaryimage","url":"https:\/\/vkgaleb.com\/wp-content\/uploads\/2026\/01\/slika_52366575.jpg","contentUrl":"https:\/\/vkgaleb.com\/wp-content\/uploads\/2026\/01\/slika_52366575.jpg","width":745,"height":500},{"@type":"BreadcrumbList","@id":"https:\/\/vkgaleb.com\/index.php\/o-nama\/#breadcrumb","itemListElement":[{"@type":"ListItem","position":1,"name":"Home","item":"https:\/\/vkgaleb.com\/"},{"@type":"ListItem","position":2,"name":"About Us"}]},{"@type":"WebSite","@id":"https:\/\/vkgaleb.com\/#website","url":"https:\/\/vkgaleb.com\/","name":"VK Galeb","description":"","publisher":{"@id":"https:\/\/vkgaleb.com\/#organization"},"potentialAction":[{"@type":"SearchAction","target":{"@type":"EntryPoint","urlTemplate":"https:\/\/vkgaleb.com\/?s={search_term_string}"},"query-input":{"@type":"PropertyValueSpecification","valueRequired":true,"valueName":"search_term_string"}}],"inLanguage":"en-US"},{"@type":"Organization","@id":"https:\/\/vkgaleb.com\/#organization","name":"VK Galeb","url":"https:\/\/vkgaleb.com\/","logo":{"@type":"ImageObject","inLanguage":"en-US","@id":"https:\/\/vkgaleb.com\/#\/schema\/logo\/image\/","url":"https:\/\/vkgaleb.com\/wp-content\/uploads\/2026\/01\/cropped-galeb_logo-100x100-1.png","contentUrl":"https:\/\/vkgaleb.com\/wp-content\/uploads\/2026\/01\/cropped-galeb_logo-100x100-1.png","width":100,"height":100,"caption":"VK Galeb"},"image":{"@id":"https:\/\/vkgaleb.com\/#\/schema\/logo\/image\/"}}]}},"_links":{"self":[{"href":"https:\/\/vkgaleb.com\/index.php\/wp-json\/wp\/v2\/pages\/109","targetHints":{"allow":["GET"]}}],"collection":[{"href":"https:\/\/vkgaleb.com\/index.php\/wp-json\/wp\/v2\/pages"}],"about":[{"href":"https:\/\/vkgaleb.com\/index.php\/wp-json\/wp\/v2\/types\/page"}],"author":[{"embeddable":true,"href":"https:\/\/vkgaleb.com\/index.php\/wp-json\/wp\/v2\/users\/1"}],"replies":[{"embeddable":true,"href":"https:\/\/vkgaleb.com\/index.php\/wp-json\/wp\/v2\/comments?post=109"}],"version-history":[{"count":76,"href":"https:\/\/vkgaleb.com\/index.php\/wp-json\/wp\/v2\/pages\/109\/revisions"}],"predecessor-version":[{"id":960,"href":"https:\/\/vkgaleb.com\/index.php\/wp-json\/wp\/v2\/pages\/109\/revisions\/960"}],"wp:attachment":[{"href":"https:\/\/vkgaleb.com\/index.php\/wp-json\/wp\/v2\/media?parent=109"}],"curies":[{"name":"wp","href":"https:\/\/api.w.org\/{rel}","templated":true}]}}